{"id":189,"date":"2021-07-28T22:24:01","date_gmt":"2021-07-28T20:24:01","guid":{"rendered":"https:\/\/lesestein.de\/web\/?page_id=189"},"modified":"2021-08-31T07:42:06","modified_gmt":"2021-08-31T05:42:06","slug":"taunuswelten-de","status":"publish","type":"page","link":"https:\/\/lesestein.de\/web\/taunuswelten-de\/","title":{"rendered":"Taunuswelten.de"},"content":{"rendered":"<h2>Geotourismus und Kulturlandschaften im Taunus<\/h2>\n<p><!--more--><\/p>\n<figure id=\"attachment_482\" aria-describedby=\"caption-attachment-482\" style=\"width: 300px\" class=\"wp-caption alignleft\"><a href=\"http:\/\/www.taunuswelten.de\"><img loading=\"lazy\" decoding=\"async\" class=\"wp-image-482 size-medium\" src=\"https:\/\/lesestein.de\/web\/wp-content\/uploads\/2021\/08\/lesestein-neu-49-taunus-300x202.jpg\" alt=\"Screenshot Taunuswelten.de\" width=\"300\" height=\"202\" srcset=\"https:\/\/lesestein.de\/web\/wp-content\/uploads\/2021\/08\/lesestein-neu-49-taunus-300x202.jpg 300w, https:\/\/lesestein.de\/web\/wp-content\/uploads\/2021\/08\/lesestein-neu-49-taunus-1024x691.jpg 1024w, https:\/\/lesestein.de\/web\/wp-content\/uploads\/2021\/08\/lesestein-neu-49-taunus-768x518.jpg 768w, https:\/\/lesestein.de\/web\/wp-content\/uploads\/2021\/08\/lesestein-neu-49-taunus.jpg 1129w\" sizes=\"auto, (max-width: 300px) 100vw, 300px\" \/><\/a><figcaption id=\"caption-attachment-482\" class=\"wp-caption-text\">Screenshot Taunuswelten.de<\/figcaption><\/figure>\n<p>Taunuswelten ist das Online-Magazin zur Natur- und Kulturlandschaft des Taunus. F\u00fcr die Bewohner des Taunus, seiner G\u00e4ste, Touristen und f\u00fcr alle, die am \u201esch\u00f6nsten Mittelgebirge der Welt\u201c (Alexander von Humboldt?) Interesse haben. Sei es aus beruflichen und wissenschaftlichen Gr\u00fcnden oder zum Wandern aus Freude an der Natur des Taunus. Die Natur und Kulturlandschaft des Taunus hat eine lange Geschichte, die auf Taunuswelten von fachkundigen Autoren erl\u00e4utert wird. Neben Nachrichten, Terminen und den Blick auf relevante, aktuelle Taunusthemen f\u00fchrt Taunuswelten wissenschaftlich fundiert durch spannende Geotouren und an sehenswerte Orte, die fortlaufend erg\u00e4nzt werden. Damit m\u00f6chte das Magazin einen Beitrag zur F\u00f6rderung des Geotourismus im Taunus und zur bewussten Wahrnehmung der einzigartigen Kulturlandschaft Taunus in der Bev\u00f6lkerung leisten, die es in ihrer heutigen Form zu erhalten gilt. Taunuswelten beschreibt und f\u00fchrt ausschlie\u00dflich durch GeoTouren im Taunus, die mit Informationstafeln versehen sind, damit GeoTourer wissenschaftlich fundierte Informationen auch ohne kundige F\u00fchrung selbstst\u00e4ndig erwandern k\u00f6nnen.<\/p>\n<p><a href=\"http:\/\/www.taunuswelten.de\/\" target=\"_blank\" rel=\"noopener\">www.taunuswelten.de<\/a><\/p>\n","protected":false},"excerpt":{"rendered":"<p>Geotourismus und Kulturlandschaften im Taunus<\/p>\n","protected":false},"author":1,"featured_media":482,"parent":0,"menu_order":0,"comment_status":"closed","ping_status":"closed","template":"","meta":{"footnotes":""},"class_list":["post-189","page","type-page","status-publish","has-post-thumbnail","hentry"],"_links":{"self":[{"href":"https:\/\/lesestein.de\/web\/wp-json\/wp\/v2\/pages\/189","targetHints":{"allow":["GET"]}}],"collection":[{"href":"https:\/\/lesestein.de\/web\/wp-json\/wp\/v2\/pages"}],"about":[{"href":"https:\/\/lesestein.de\/web\/wp-json\/wp\/v2\/types\/page"}],"author":[{"embeddable":true,"href":"https:\/\/lesestein.de\/web\/wp-json\/wp\/v2\/users\/1"}],"replies":[{"embeddable":true,"href":"https:\/\/lesestein.de\/web\/wp-json\/wp\/v2\/comments?post=189"}],"version-history":[{"count":7,"href":"https:\/\/lesestein.de\/web\/wp-json\/wp\/v2\/pages\/189\/revisions"}],"predecessor-version":[{"id":484,"href":"https:\/\/lesestein.de\/web\/wp-json\/wp\/v2\/pages\/189\/revisions\/484"}],"wp:featuredmedia":[{"embeddable":true,"href":"https:\/\/lesestein.de\/web\/wp-json\/wp\/v2\/media\/482"}],"wp:attachment":[{"href":"https:\/\/lesestein.de\/web\/wp-json\/wp\/v2\/media?parent=189"}],"curies":[{"name":"wp","href":"https:\/\/api.w.org\/{rel}","templated":true}]}}