{"id":19,"date":"2021-07-28T21:32:39","date_gmt":"2021-07-28T19:32:39","guid":{"rendered":"http:\/\/lesestein.de\/?page_id=19"},"modified":"2022-05-08T16:53:01","modified_gmt":"2022-05-08T14:53:01","slug":"lesestein","status":"publish","type":"page","link":"https:\/\/lesestein.de\/web\/lesestein\/","title":{"rendered":"Die Erde erkunden"},"content":{"rendered":"\r\n<h2 class=\"wp-block-heading\">Die Erde erkunden<\/h2>\r\n<h3>Willkommen beim geowissenschaftlichen B\u00fcro Lesestein.de.<\/h3>\r\n<p><a href=\"https:\/\/lesestein.de\/web\/wp-content\/uploads\/2021\/08\/lesestein-neu-37-erde.jpg\"><img loading=\"lazy\" decoding=\"async\" class=\"alignleft size-medium wp-image-446\" src=\"https:\/\/lesestein.de\/web\/wp-content\/uploads\/2021\/08\/lesestein-neu-37-erde-300x201.jpg\" alt=\"\" width=\"300\" height=\"201\" srcset=\"https:\/\/lesestein.de\/web\/wp-content\/uploads\/2021\/08\/lesestein-neu-37-erde-300x201.jpg 300w, https:\/\/lesestein.de\/web\/wp-content\/uploads\/2021\/08\/lesestein-neu-37-erde.jpg 400w\" sizes=\"auto, (max-width: 300px) 100vw, 300px\" \/><\/a>Die Erde zu erkunden bedeutet, langj\u00e4hrige wissenschaftliche Praxis in Bodenkunde, Geologie, Hydrogeologie und Physischer Geografie in aktuelle Projekte wie Bauma\u00dfnahmen f\u00fcr Kunden einzubringen. Insbesondere im Bereich Boden- und Grundwasserschutz, denn Boden und Wasser geh\u00f6ren zu den wichtigsten Ressourcen f\u00fcr Mensch, Tier und Pflanze. Zu den Kunden von Lesestein.de z\u00e4hlen u. a. St\u00e4dte, Gemeinden, Projekttr\u00e4ger und Privatpersonen. Lesestein.de erm\u00f6glicht zudem auch an der Natur interessierten Menschen, selbstst\u00e4ndig die Erde zu erkunden. Dazu bieten wir individuell nach den Vorstellungen der Kunden gestaltete Themenwege und Informationstafeln von der Planung bis zum fertigen Produkt an. N\u00e4heres dazu ist unter Geoinformation zu erfahren. Lesestein.de begleitet Kunden kompetent und jederzeit ansprechbar bis zum Abschluss eines Projektes.<\/p>\r\n<div id=\"qx-column-396\" class=\"qx-column  qx-col-lg-6 qx-col-md-6 qx-col-sm-6 qx-col-xs-12\">\r\n<div id=\"qx-text-22184\" class=\"qx-element qx-element-text \">\r\n<p>Setzen Sie sich f\u00fcr ein Beratungsgespr\u00e4ch mit uns in Verbindung. Wir beraten Sie hinsichtlich Ihres Anliegens und erstellen Ihnen dazu ein unverbindliches Angebot.<\/p>\r\n<p>Sie erreichen uns unter<\/p>\r\n<p>Tel.:\u00a0 + 49 (0) 6128 \/ 488 956<br \/>E-Mail: <a href=\"mailto:info@lesestein.de\">info@lesestein.de<\/a><\/p>\r\n<p>&nbsp;<\/p>\r\n<\/div>\r\n<\/div>\r\n<p>&nbsp;<\/p>\r\n<p>&nbsp;<\/p>\r\n\r\n\r\n\r\n<p>&nbsp;<\/p>\r\n\r\n\r\n\r\n<p>&nbsp;<\/p>\r\n\r\n\r\n\r\n<p>&nbsp;<\/p>\r\n","protected":false},"excerpt":{"rendered":"<p>Die Erde erkunden Willkommen beim geowissenschaftlichen B\u00fcro Lesestein.de. Die Erde zu erkunden bedeutet, langj\u00e4hrige wissenschaftliche Praxis in Bodenkunde, Geologie, Hydrogeologie und Physischer Geografie in aktuelle Projekte wie Bauma\u00dfnahmen f\u00fcr Kunden einzubringen. Insbesondere im Bereich Boden- und Grundwasserschutz, denn Boden und Wasser geh\u00f6ren zu den wichtigsten Ressourcen f\u00fcr Mensch, Tier und Pflanze. Zu den Kunden von [&hellip;]<\/p>\n","protected":false},"author":1,"featured_media":97,"parent":0,"menu_order":0,"comment_status":"closed","ping_status":"closed","template":"","meta":{"footnotes":""},"class_list":["post-19","page","type-page","status-publish","has-post-thumbnail","hentry"],"_links":{"self":[{"href":"https:\/\/lesestein.de\/web\/wp-json\/wp\/v2\/pages\/19","targetHints":{"allow":["GET"]}}],"collection":[{"href":"https:\/\/lesestein.de\/web\/wp-json\/wp\/v2\/pages"}],"about":[{"href":"https:\/\/lesestein.de\/web\/wp-json\/wp\/v2\/types\/page"}],"author":[{"embeddable":true,"href":"https:\/\/lesestein.de\/web\/wp-json\/wp\/v2\/users\/1"}],"replies":[{"embeddable":true,"href":"https:\/\/lesestein.de\/web\/wp-json\/wp\/v2\/comments?post=19"}],"version-history":[{"count":22,"href":"https:\/\/lesestein.de\/web\/wp-json\/wp\/v2\/pages\/19\/revisions"}],"predecessor-version":[{"id":576,"href":"https:\/\/lesestein.de\/web\/wp-json\/wp\/v2\/pages\/19\/revisions\/576"}],"wp:featuredmedia":[{"embeddable":true,"href":"https:\/\/lesestein.de\/web\/wp-json\/wp\/v2\/media\/97"}],"wp:attachment":[{"href":"https:\/\/lesestein.de\/web\/wp-json\/wp\/v2\/media?parent=19"}],"curies":[{"name":"wp","href":"https:\/\/api.w.org\/{rel}","templated":true}]}}