{"id":3,"date":"2021-07-26T10:51:57","date_gmt":"2021-07-26T08:51:57","guid":{"rendered":"http:\/\/lesestein.de\/?page_id=3"},"modified":"2021-08-31T07:33:50","modified_gmt":"2021-08-31T05:33:50","slug":"datenschutzerklaerung","status":"publish","type":"page","link":"https:\/\/lesestein.de\/web\/datenschutzerklaerung\/","title":{"rendered":"Datenschutzerkl\u00e4rung"},"content":{"rendered":"\r\n\r\n\r\n<p>Die Adresse unserer Website ist: https:\/\/lesestein.de.<\/p>\r\n\r\n\r\n\r\n\r\n\r\n\r\n\r\n\r\n\r\n<p>Hier finden Sie Informationen zum Datenschutz f\u00fcr Nutzer von www.lesestein.de gem\u00e4\u00df \u00a7 13 Abs. 1 TMG und \u00a7 33 Abs. 1 BDSG sowie zur Datenschutz-Grundverordnung (EU-DSGVO) \u00fcber Art, Umfang und Zweck der Erhebung von personenbezogenen Daten sowie deren Verarbeitung oder Nutzung und Unterrichtung von Widerspruchsrechten. Der Betreiber dieser Website nimmt den Schutz der Nutzerdaten sehr ernst und behandelt personenbezogenen Daten absolut vertraulich gem\u00e4\u00df den national und europ\u00e4isch geltenden gesetzlichen Vorschriften und aktuellen technischen M\u00f6glichkeiten. Es sei diesbez\u00fcglich darauf hingewiesen, dass die Daten\u00fcbertragung im Internet (etwa bei der Kommunikation per E-Mail) Sicherheitsl\u00fccken aufweisen kann. Ein absolut l\u00fcckenloser Schutz der Daten vor dem Zugriff durch Dritte ist nicht m\u00f6glich. Personenbezogene Daten sind s\u00e4mtliche Informationen, die dazu dienen, den Nutzer zu bestimmen und solche, die dazu dienen k\u00f6nnen, zum Nutzer zur\u00fcckzuverfolgen. So etwa Name, E-Mail-Adresse und Telefonnummer.<\/p>\r\n<h2>Diese Daten werden gespeichert<\/h2>\r\n<p>Bei jedem Zugriff auf Inhalte dieser Website werden folgende, ausschlie\u00dflich technische und nicht personenbezogene Daten zu statistischen Zwecken vom Provider als \u201eServer-Logfiles\u201c durch 1&amp;1 Webanalytics gespeichert:<\/p>\r\n\r\n\r\n\r\n<ul class=\"wp-block-list\">\r\n<li>Besucherzahlen mit Datum<\/li>\r\n<li>Sitzungen<\/li>\r\n<li>Seitenaufrufe<\/li>\r\n<li>Suchmaschinen-Robots<\/li>\r\n<li>Besucherverhalten<\/li>\r\n<li>Dauer pro Sitzung<\/li>\r\n<li>Seitenaufrufe pro Sitzung<\/li>\r\n<li>Absprungrate<\/li>\r\n<li>Seitenanalyse<\/li>\r\n<li>Ausstiegsseiten<\/li>\r\n<li>Fehlerseiten<\/li>\r\n<li>Meist besuchte Seiten<\/li>\r\n<li>Seiten mit hoher Absprungrate<\/li>\r\n<li>Suchbegriffe<\/li>\r\n<li>Herkunftsseiten<\/li>\r\n<li>Alle Herkunftsseiten<\/li>\r\n<li>Verweisende Seiten<\/li>\r\n<li>Besucherstandorte<\/li>\r\n<li>Browser &amp; Systeme<\/li>\r\n<li>Browserversionen<\/li>\r\n<li>Betriebssysteme<\/li>\r\n<li>Betriebssytem-Versionen<\/li>\r\n<\/ul>\r\n<p>Die erhobenen Daten k\u00f6nnen keiner Person zugeordnet werden und dienen lediglich statistischen Auswertungen und zur Verbesserung der Website. Mit der 1&amp;1 Internet SE besteht eine vertragliche Vereinbarung zur Datenverarbeitung im Auftrag (ADV): \u201eMit einer Vereinbarung zur \u201eAuftragsdatenverarbeitung\u201c (ADV) gem\u00e4\u00df \u00a711 Bundesdatenschutzgesetzes (BDSG) bescheinigen wir Ihnen auf rechtlicher Basis nochmals explizit den sicheren und hoch-priorisierten Umgang mit Ihren Daten in den Rechenzentren der 1&amp;1 Internet SE.\u201c<\/p>\r\n<h2>Links zu anderen Websites<\/h2>\r\n<p>Diese Datenschutzerkl\u00e4rung gilt f\u00fcr den Auftritt www.lesestein.de. Die Webseiten in diesem Auftritt k\u00f6nnen eventuell Links auf andere Anbieter au\u00dferhalb von www.lesestein.de enthalten, auf welche sich diese Datenschutzerkl\u00e4rung nicht erstreckt. Wenn Sie diese Website verlassen, ist zu empfehlen, die Datenschutzrichtlinie jeder Website, die personenbezogene Daten sammelt, genau zu lesen.<\/p>\r\n<h2>Eingebettete Inhalte von anderen Websites<\/h2>\r\n<p>\r\n\r\n<\/p>\r\n<p>Beitr\u00e4ge auf dieser Website k\u00f6nnen eingebettete Inhalte beinhalten (z. B. Videos, Bilder, Beitr\u00e4ge etc.). Eingebettete Inhalte von anderen Websites verhalten sich exakt so, als ob der Besucher die andere Website besucht h\u00e4tte.<\/p>\r\n<p>\r\n\r\n<\/p>\r\n<p>Diese Websites k\u00f6nnen Daten \u00fcber dich sammeln, Cookies benutzen, zus\u00e4tzliche Tracking-Dienste von Dritten einbetten und deine Interaktion mit diesem eingebetteten Inhalt aufzeichnen, inklusive deiner Interaktion mit dem eingebetteten Inhalt, falls du ein Konto hast und auf dieser Website angemeldet bist.<\/p>\r\n<h2>Impressumspflicht<\/h2>\r\n<p>Im Rahmen der Impressumspflicht werden Kontaktdaten auf dieser Website zum Anbieter\/Betreiber ver\u00f6ffentlicht. Deren Nutzung durch Dritte zur \u00dcbersendung von nicht ausdr\u00fccklich angeforderter Werbung und Informationsmaterialien wird hiermit ausdr\u00fccklich widersprochen. Der Betreiber dieser Website beh\u00e4lt sich rechtliche Schritte im Falle der unverlangten Zusendung von Werbeinformationen, z. B. durch Spam-E-Mails, vor.<\/p>\r\n<p>&nbsp;<\/p>\r\n","protected":false},"excerpt":{"rendered":"<p>Die Adresse unserer Website ist: https:\/\/lesestein.de. Hier finden Sie Informationen zum Datenschutz f\u00fcr Nutzer von www.lesestein.de gem\u00e4\u00df \u00a7 13 Abs. 1 TMG und \u00a7 33 Abs. 1 BDSG sowie zur Datenschutz-Grundverordnung (EU-DSGVO) \u00fcber Art, Umfang und Zweck der Erhebung von personenbezogenen Daten sowie deren Verarbeitung oder Nutzung und Unterrichtung von Widerspruchsrechten. Der Betreiber dieser Website [&hellip;]<\/p>\n","protected":false},"author":1,"featured_media":0,"parent":0,"menu_order":0,"comment_status":"closed","ping_status":"open","template":"","meta":{"footnotes":""},"class_list":["post-3","page","type-page","status-publish","hentry"],"_links":{"self":[{"href":"https:\/\/lesestein.de\/web\/wp-json\/wp\/v2\/pages\/3","targetHints":{"allow":["GET"]}}],"collection":[{"href":"https:\/\/lesestein.de\/web\/wp-json\/wp\/v2\/pages"}],"about":[{"href":"https:\/\/lesestein.de\/web\/wp-json\/wp\/v2\/types\/page"}],"author":[{"embeddable":true,"href":"https:\/\/lesestein.de\/web\/wp-json\/wp\/v2\/users\/1"}],"replies":[{"embeddable":true,"href":"https:\/\/lesestein.de\/web\/wp-json\/wp\/v2\/comments?post=3"}],"version-history":[{"count":6,"href":"https:\/\/lesestein.de\/web\/wp-json\/wp\/v2\/pages\/3\/revisions"}],"predecessor-version":[{"id":533,"href":"https:\/\/lesestein.de\/web\/wp-json\/wp\/v2\/pages\/3\/revisions\/533"}],"wp:attachment":[{"href":"https:\/\/lesestein.de\/web\/wp-json\/wp\/v2\/media?parent=3"}],"curies":[{"name":"wp","href":"https:\/\/api.w.org\/{rel}","templated":true}]}}