{"id":320,"date":"2021-08-11T07:50:42","date_gmt":"2021-08-11T05:50:42","guid":{"rendered":"https:\/\/lesestein.de\/web\/?page_id=320"},"modified":"2021-08-31T12:42:59","modified_gmt":"2021-08-31T10:42:59","slug":"gutachten-bebauung","status":"publish","type":"page","link":"https:\/\/lesestein.de\/web\/gutachten-bebauung\/","title":{"rendered":"Gutachten"},"content":{"rendered":"<h4><strong>Gutachten zur m\u00f6glichen Bebauung des Vorranggebietes 2-414g mit Windenergieanlagen (Hessen)<br \/>\n<\/strong>Hydrogeologisches Gutachten<\/h4>\n<p><!--more--><\/p>\n<figure id=\"attachment_297\" aria-describedby=\"caption-attachment-297\" style=\"width: 300px\" class=\"wp-caption alignnone\"><img loading=\"lazy\" decoding=\"async\" class=\"wp-image-297 size-medium\" src=\"https:\/\/lesestein.de\/web\/wp-content\/uploads\/2021\/08\/lesestein-neu-24-karte-300x196.png\" alt=\"Karte\" width=\"300\" height=\"196\" srcset=\"https:\/\/lesestein.de\/web\/wp-content\/uploads\/2021\/08\/lesestein-neu-24-karte-300x196.png 300w, https:\/\/lesestein.de\/web\/wp-content\/uploads\/2021\/08\/lesestein-neu-24-karte-768x501.png 768w, https:\/\/lesestein.de\/web\/wp-content\/uploads\/2021\/08\/lesestein-neu-24-karte.png 904w\" sizes=\"auto, (max-width: 300px) 100vw, 300px\" \/><figcaption id=\"caption-attachment-297\" class=\"wp-caption-text\">Vorranggebiet 2-414g. \u00dcberschneidung mit Wasserschutzgebieten und Heilquellenschutzgebiet.<\/figcaption><\/figure>\n<p>Die Hessische Landesregierung hat im Sachlichen Teilplan (Teilregionalplan) Erneuerbare Energien (TPEE) Vorranggebiete zur Nutzung der Windenergie in Hessen festgelegt (VRG WE). Im Rheingau-Taunus-Kreis wurde neben zahlreichen anderen Vorranggebieten das Vorranggebiet 2-414g zwischen den Schlangenbader Ortsteilen B\u00e4rstadt und Hausen und dem Stadtteil Rauenthal der Stadt Eltville am Rhein ausgewiesen. Der \u00fcberwiegende Teil des Vorranggebietes 2-414g befindet sich im Bereich der stark gekl\u00fcfteten Quarzite und Sandsteine des Taunuskamms. Geologisch, hydroge\u00adologisch und quart\u00e4rgeologisch-bodenkundlich besteht dieselbe Situation wie beim nord\u00f6stlich gelegenen Vorranggebiet 2-433 (Hohe Wurzel), dessen Bebauung mit Windenergieanlagen vom Hessischen Landesamt f\u00fcr Naturschutz, Umwelt und Geologie (HLNUG) aus Gr\u00fcnden des Trinkwasserschutzes abgelehnt und vom Regierungspr\u00e4sidium Darmstadt (RP) nicht genehmigt wurde. Das Vorranggebiet 2-414g \u00fcberschneidet sich z. T. mit der Wasserschutzzone III mehrerer Wasserschutzgebiete sowie mit dem Heilquellenschutzgebiet WSG-ID 439-181 HQS D. Zudem reicht das Vorranggebiet 2-414g bis in die Schutzzone II des WSG-ID 439-144 und sehr nahe an die Schutzzone II des WSG-ID 439-037 heran. In der fachliche Stellungnahme zur potentiellen Gef\u00e4hrdung der Trinkwasserschutzgebiete und des Heilquellenschutzgebietes im Bereich Schlangenbad und Eltville am Rhein im Falle einer Bebauung des Vorranggebietes 2-414g mit Windenergieanlagen konnte festgestellt werden, dass die Bemessung der amtlich festgesetzten Wasser\u00adschutzgebiete (und Heilquellenschutzgebiet) und deren Schutzzonen aufgrund fehlender geohydraulischer Parameter wie die Abstandsgeschwindigkeit zur Ermittlung der 50 Tage-Linie nicht der Realit\u00e4t entsprechen. Es gibt also aus wissenschaftlicher Sicht mehrere Gr\u00fcnde, die Fl\u00e4chen und Konfiguration der Schutzgebiete bzw. der Schutzzonen II und III definitiv in Frage zu stellen und eine weitaus gr\u00f6\u00dfere Ausdehnung der Schutzzone II (gem\u00e4\u00df Definition) real anzunehmen. Letztendlich handelt es sich bei diesem Gebiet (Taunuskamm) um die gleiche Geologie wie bei dem vom HLNUG und RP abgelehnten Vorhaben auf der Hohen Wurzel. Daher m\u00fcsste auch hier eine Baugenehmigung verweigert werden.<\/p>\n","protected":false},"excerpt":{"rendered":"<p>Gutachten zur m\u00f6glichen Bebauung des Vorranggebietes 2-414g mit Windenergieanlagen (Hessen) Hydrogeologisches Gutachten<\/p>\n","protected":false},"author":1,"featured_media":297,"parent":0,"menu_order":0,"comment_status":"closed","ping_status":"closed","template":"","meta":{"footnotes":""},"class_list":["post-320","page","type-page","status-publish","has-post-thumbnail","hentry"],"_links":{"self":[{"href":"https:\/\/lesestein.de\/web\/wp-json\/wp\/v2\/pages\/320","targetHints":{"allow":["GET"]}}],"collection":[{"href":"https:\/\/lesestein.de\/web\/wp-json\/wp\/v2\/pages"}],"about":[{"href":"https:\/\/lesestein.de\/web\/wp-json\/wp\/v2\/types\/page"}],"author":[{"embeddable":true,"href":"https:\/\/lesestein.de\/web\/wp-json\/wp\/v2\/users\/1"}],"replies":[{"embeddable":true,"href":"https:\/\/lesestein.de\/web\/wp-json\/wp\/v2\/comments?post=320"}],"version-history":[{"count":12,"href":"https:\/\/lesestein.de\/web\/wp-json\/wp\/v2\/pages\/320\/revisions"}],"predecessor-version":[{"id":562,"href":"https:\/\/lesestein.de\/web\/wp-json\/wp\/v2\/pages\/320\/revisions\/562"}],"wp:featuredmedia":[{"embeddable":true,"href":"https:\/\/lesestein.de\/web\/wp-json\/wp\/v2\/media\/297"}],"wp:attachment":[{"href":"https:\/\/lesestein.de\/web\/wp-json\/wp\/v2\/media?parent=320"}],"curies":[{"name":"wp","href":"https:\/\/api.w.org\/{rel}","templated":true}]}}