{"id":332,"date":"2021-08-11T08:32:18","date_gmt":"2021-08-11T06:32:18","guid":{"rendered":"https:\/\/lesestein.de\/web\/?page_id=332"},"modified":"2021-08-31T12:15:45","modified_gmt":"2021-08-31T10:15:45","slug":"themenweg-mensch-erde","status":"publish","type":"page","link":"https:\/\/lesestein.de\/web\/themenweg-mensch-erde\/","title":{"rendered":"Themenweg"},"content":{"rendered":"<h4><strong>Wanderweg \u201eMensch und Erde\u201c (Hessen)<br \/>\n<\/strong>Geologie, Geografie, Geomorphologie, B\u00f6den<br \/>\n<!--more--><\/h4>\n<h4>Auftraggeber: Schutzgemeinschaft Deutscher Wald<\/h4>\n<p>Im Jahr 2003 wurde begonnen, zwischen Hofheim am Taunus und dem Stadtteil Lorsbach den erdwissenschaftlichen Wanderweg \u201eMensch und Erde\u201c einzurichten. Die Idee, Namensgebung und Realisation des Wanderweges am S\u00fcdrand des Taunus geht auf den Hofheimer Bodenkundler, Geomorphologen und Quart\u00e4rgeologen Prof. Dr. Dr. h.c. Arno Semmel zur\u00fcck (1929-2010). Der Wanderweg sollte dem Initiator nach erdwissenschaftlich interessierten Laien, aber auch Studierenden der Geowissenschaften und Sch\u00fclern Gelegenheit bieten, wesentliche Bausteine der Landschaft am Taunuss\u00fcdrand und deren Nutzungsanspr\u00fcche kennen zu lernen. Den Wanderweg, der mit Hilfe der Stadt Hofheim am Taunus, des Staatlichen Forstamtes und in Zusammenarbeit mit der Frankfurter Geographischen Gesellschaft realisiert wurde, hatte Arno Semmel mit insgesamt acht Informationstafeln mit GPS-Angaben (Halt I \u2013 VIII) versehen.<\/p>\n<p>Auf Initiative von Sch\u00fclern Arno Semmels wurde 2015 beschlossen, den Weg in Zusammenarbeit mit der Schutzgemeinschaft Deutscher Wald e.V. komplett neu zu gestalten. Zudem wurden vier weitere Tafeln konzipiert, so dass mit zwei Einf\u00fchrungstafeln (Hofheim, Lorsbach) insgesamt 14 Tafeln zwischen dem Parkplatz Waldfriedhof in Hofheim und dem Sportplatz in Lorsbach aufgestellt wurden. Die Konzeption und Realisation des Themenweges erfolgte durch Lesestein.de (Konzeption, neue Texte, Fotos, Grafikvorlagen) in Kooperation mit dem B\u00fcro Geo&amp;Natur (Grafikausf\u00fchrung, Layout, Design, Herstellung). Unter den vier thematisch neuen Tafeln widmen sich zwei den Tieren des Pal\u00e4ogens und des Neogens sowie den Pflanzen und Tieren des Pleistoz\u00e4ns, um auch den j\u00fcngsten Wanderern Interessantes zu bieten.<\/p>\n<p>Die Wegf\u00fchrung wurde leicht modifiziert. Tafelstandorte, die ehemals einen Hin- und R\u00fcckweg \u00fcber zum Teil relativ steile Anstiege erforderten, wurden nicht mehr ber\u00fccksichtigt, damit alle Stationen auch mit dem Kinderwagen problemlos auf einer Wanderung von Hofheim nach Lorsbach erreicht werden k\u00f6nnen. Auf GPS-Angaben wurde bei den Tafeln verzichtet. Daf\u00fcr wurden sie mit einem QR-Code versehen, um im Gel\u00e4nde weiterf\u00fchrende Zusatzinformationen oder Begriffserkl\u00e4rungen erhalten zu k\u00f6nnen. Weitere Informationen finden Sie <a href=\"http:\/\/www.taunuswelten.de\/wandern\/wanderweg-mensch-und-erde\/\" target=\"_blank\" rel=\"noopener\">hier<\/a>.<\/p>\n<div class=\"carousel-slider-outer carousel-slider-outer-images carousel-slider-outer-335\">\n\t<style type=\"text\/css\">\n            #id-335 .carousel-slider-nav-icon {\n                fill: #f1f1f1\n            }\n            #id-335 .carousel-slider-nav-icon:hover {\n                fill: #00d1b2\n            }\n            #id-335 .owl-prev,\n            #id-335 .owl-next,\n            #id-335 .carousel-slider-nav-icon {\n                height: 48px;\n                width: 48px\n            }\n            #id-335.arrows-outside .owl-prev {\n                left: -48px\n            }\n            #id-335.arrows-outside .owl-next {\n                right: -48px\n            }\n        \n\t\t    #id-335 .owl-dots .owl-dot span {\n                background-color: #f1f1f1;\n                width: 10px;\n                height: 10px;\n            }\n            #id-335 .owl-dots .owl-dot.active span,\n            #id-335 .owl-dots .owl-dot:hover span {\n                background-color: #00d1b2\n            }\n\t\t<\/style>\t<div id=\"id-335\" class=\"owl-carousel carousel-slider arrows-outside arrows-visible-hover dots-hidden dots-center dots-square\" data-slide-type=\"image-carousel\" data-margin=\"10\" data-slide-by=\"1\" data-loop=\"true\" data-lazy-load=\"false\" data-stage-padding=\"0\" data-auto-width=\"false\" data-dots=\"false\" data-nav=\"true\" data-autoplay=\"true\" data-autoplay-timeout=\"5000\" data-autoplay-speed=\"500\" data-autoplay-hover-pause=\"false\" data-colums=\"4\" data-colums-desktop=\"4\" data-colums-small-desktop=\"4\" data-colums-tablet=\"3\" data-colums-small-tablet=\"2\" data-colums-mobile=\"1\">\n\t\t<div class=\"carousel-slider__item\"><a href=\"https:\/\/lesestein.de\/web\/wp-content\/uploads\/2021\/07\/lesestein-neu-17-einfuehrung.jpg\" class=\"magnific-popup\"><img loading=\"lazy\" decoding=\"async\" width=\"150\" height=\"150\" src=\"https:\/\/lesestein.de\/web\/wp-content\/uploads\/2021\/07\/lesestein-neu-17-einfuehrung-150x150.jpg\" class=\"attachment-thumbnail size-thumbnail\" alt=\"Info-Tafel\" \/><div class=\"carousel-slider__caption\"><p class=\"caption\">Die Einf\u00fchrungstafel mit den Stationen.<\/p><\/div><\/a><\/div><div class=\"carousel-slider__item\"><a href=\"https:\/\/lesestein.de\/web\/wp-content\/uploads\/2021\/07\/lesestein-neu-18-gruppe.jpg\" class=\"magnific-popup\"><img loading=\"lazy\" decoding=\"async\" width=\"150\" height=\"150\" src=\"https:\/\/lesestein.de\/web\/wp-content\/uploads\/2021\/07\/lesestein-neu-18-gruppe-150x150.jpg\" class=\"attachment-thumbnail size-thumbnail\" alt=\"Info-Tafel\" \/><div class=\"carousel-slider__caption\"><p class=\"caption\">Info-Tafel am Wanderweg &quot;Mensch und Erde&quot;.<\/p><\/div><\/a><\/div><div class=\"carousel-slider__item\"><a href=\"https:\/\/lesestein.de\/web\/wp-content\/uploads\/2021\/07\/lesestein-neu-19-eroeffnung-scaled.jpg\" class=\"magnific-popup\"><img loading=\"lazy\" decoding=\"async\" width=\"150\" height=\"150\" src=\"https:\/\/lesestein.de\/web\/wp-content\/uploads\/2021\/07\/lesestein-neu-19-eroeffnung-150x150.jpg\" class=\"attachment-thumbnail size-thumbnail\" alt=\"Neuer\u00f6ffnung\" \/><div class=\"carousel-slider__caption\"><p class=\"caption\">Neuer\u00f6ffnung &quot;Mensch und Erde&quot;.<\/p><\/div><\/a><\/div><div class=\"carousel-slider__item\"><a href=\"https:\/\/lesestein.de\/web\/wp-content\/uploads\/2021\/07\/lesestein-neu-20-semmelpfad.jpg\" class=\"magnific-popup\"><img loading=\"lazy\" decoding=\"async\" width=\"150\" height=\"150\" src=\"https:\/\/lesestein.de\/web\/wp-content\/uploads\/2021\/07\/lesestein-neu-20-semmelpfad-150x150.jpg\" class=\"attachment-thumbnail size-thumbnail\" alt=\"Info-Tafel\" \/><div class=\"carousel-slider__caption\"><p class=\"caption\">Info-Tafel zur Tektonik.<\/p><\/div><\/a><\/div>\t<\/div><!-- #id-## -->\n<\/div>\n\n","protected":false},"excerpt":{"rendered":"<p>Wanderweg \u201eMensch und Erde\u201c (Hessen) Geologie, Geografie, Geomorphologie, B\u00f6den<\/p>\n","protected":false},"author":1,"featured_media":263,"parent":0,"menu_order":0,"comment_status":"closed","ping_status":"closed","template":"","meta":{"footnotes":""},"class_list":["post-332","page","type-page","status-publish","has-post-thumbnail","hentry"],"_links":{"self":[{"href":"https:\/\/lesestein.de\/web\/wp-json\/wp\/v2\/pages\/332","targetHints":{"allow":["GET"]}}],"collection":[{"href":"https:\/\/lesestein.de\/web\/wp-json\/wp\/v2\/pages"}],"about":[{"href":"https:\/\/lesestein.de\/web\/wp-json\/wp\/v2\/types\/page"}],"author":[{"embeddable":true,"href":"https:\/\/lesestein.de\/web\/wp-json\/wp\/v2\/users\/1"}],"replies":[{"embeddable":true,"href":"https:\/\/lesestein.de\/web\/wp-json\/wp\/v2\/comments?post=332"}],"version-history":[{"count":10,"href":"https:\/\/lesestein.de\/web\/wp-json\/wp\/v2\/pages\/332\/revisions"}],"predecessor-version":[{"id":557,"href":"https:\/\/lesestein.de\/web\/wp-json\/wp\/v2\/pages\/332\/revisions\/557"}],"wp:featuredmedia":[{"embeddable":true,"href":"https:\/\/lesestein.de\/web\/wp-json\/wp\/v2\/media\/263"}],"wp:attachment":[{"href":"https:\/\/lesestein.de\/web\/wp-json\/wp\/v2\/media?parent=332"}],"curies":[{"name":"wp","href":"https:\/\/api.w.org\/{rel}","templated":true}]}}