{"id":34,"date":"2021-07-28T17:45:26","date_gmt":"2021-07-28T15:45:26","guid":{"rendered":"http:\/\/lesestein.de\/web\/?page_id=34"},"modified":"2022-05-08T16:56:22","modified_gmt":"2022-05-08T14:56:22","slug":"gutachten","status":"publish","type":"page","link":"https:\/\/lesestein.de\/web\/gutachten\/","title":{"rendered":"Gutachten"},"content":{"rendered":"<h2>Gutachten bei geplanten Bauma\u00dfnahmen in Trinkwasserschutzgebieten<\/h2>\n<p><!--more--><\/p>\n<p>Fachliche Beratung und Unterst\u00fctzung bei geplanten Bauma\u00dfnahmen insbesondere in festgesetzten oder im Festsetzungsverfahren befindlichen Wasserschutzgebieten hinsichtlich der m\u00f6glichen Gef\u00e4hrdung des Grund- und Trinkwassers. Erstellen von Gutachten und fachlichen Stellungnahmen:<\/p>\n<ul>\n<li>Erfassung und Bewertung der geologischen und hydrogeologischen Verh\u00e4ltnisse am Planungsort.<\/li>\n<li>Erfassung und Bewertung der bodenkundlichen Verh\u00e4ltnisse am Planungsort.<\/li>\n<li>Landschaftsanalyse des Planungsgebietes.<\/li>\n<li>Bewertung der Schutzfunktion der Grundwasser\u00fcberdeckung (vor Baubeginn \u2013 offene Baugruben).<\/li>\n<li>Fachliche Pr\u00fcfung vorhandener Gutachten zu o. g. Themen. Dabei werden Gutachten auf Nachvollziehbarkeit, wissenschaftliche Korrektheit und Vollst\u00e4ndigkeit begutachtet und bewertet.<\/li>\n<li>Auswertung und Bewertung von Dokumenten (z. B. fachliche Stellungnahmen von beh\u00f6rdlicher Seite, Bescheide von \u00c4mtern und Beh\u00f6rden, amtliches hydrogeologisches Gutachten zur Festsetzung des Wasserschutzgebietes).<\/li>\n<li>Auswertung von Kartenmaterial und Fotodokumenten zum jeweiligen Projekt.<\/li>\n<li>Weitere potentielle Gef\u00e4hrdungen von Trinkwassergewinnungsanlagen (Tiefbrunnen, Flachbrunnen, Quellen und deren Wasserschutzgebiete), die im Genehmigungsverfahren bislang nicht beachtet wurden.<\/li>\n<li>Zusammenfassende fachliche Bewertung und Empfehlungen f\u00fcr die weitere Vorgehensweise.<\/li>\n<li>Verfassen einer fachlichen Stellungnahme oder Erstellung eines Gutachtens.<\/li>\n<\/ul>\n<div class=\"carousel-slider-outer carousel-slider-outer-images carousel-slider-outer-397\">\n\t<style type=\"text\/css\">\n            #id-397 .carousel-slider-nav-icon {\n                fill: #f1f1f1\n            }\n            #id-397 .carousel-slider-nav-icon:hover {\n                fill: #00d1b2\n            }\n            #id-397 .owl-prev,\n            #id-397 .owl-next,\n            #id-397 .carousel-slider-nav-icon {\n                height: 48px;\n                width: 48px\n            }\n            #id-397.arrows-outside .owl-prev {\n                left: -48px\n            }\n            #id-397.arrows-outside .owl-next {\n                right: -48px\n            }\n        \n\t\t    #id-397 .owl-dots .owl-dot span {\n                background-color: #f1f1f1;\n                width: 10px;\n                height: 10px;\n            }\n            #id-397 .owl-dots .owl-dot.active span,\n            #id-397 .owl-dots .owl-dot:hover span {\n                background-color: #00d1b2\n            }\n\t\t<\/style>\t<div id=\"id-397\" class=\"owl-carousel carousel-slider arrows-outside arrows-visible-hover dots-hidden dots-center dots-square\" data-slide-type=\"image-carousel\" data-margin=\"10\" data-slide-by=\"1\" data-loop=\"true\" data-lazy-load=\"false\" data-stage-padding=\"0\" data-auto-width=\"false\" data-dots=\"false\" data-nav=\"true\" data-autoplay=\"true\" data-autoplay-timeout=\"5000\" data-autoplay-speed=\"500\" data-autoplay-hover-pause=\"false\" data-colums=\"4\" data-colums-desktop=\"4\" data-colums-small-desktop=\"4\" data-colums-tablet=\"3\" data-colums-small-tablet=\"2\" data-colums-mobile=\"1\">\n\t\t<div class=\"carousel-slider__item\"><a href=\"https:\/\/lesestein.de\/web\/wp-content\/uploads\/2021\/07\/lesestein-neu-2-bohren.jpg\" class=\"magnific-popup\"><img loading=\"lazy\" decoding=\"async\" width=\"150\" height=\"150\" src=\"https:\/\/lesestein.de\/web\/wp-content\/uploads\/2021\/07\/lesestein-neu-2-bohren-150x150.jpg\" class=\"attachment-thumbnail size-thumbnail\" alt=\"Bohrst\u00f6cke\" \/><div class=\"carousel-slider__caption\"><p class=\"caption\">Erkunden<\/p><\/div><\/a><\/div><div class=\"carousel-slider__item\"><a href=\"https:\/\/lesestein.de\/web\/wp-content\/uploads\/2021\/08\/lesestein-neu-10-karte.jpg\" class=\"magnific-popup\"><img loading=\"lazy\" decoding=\"async\" width=\"150\" height=\"150\" src=\"https:\/\/lesestein.de\/web\/wp-content\/uploads\/2021\/08\/lesestein-neu-10-karte-150x150.jpg\" class=\"attachment-thumbnail size-thumbnail\" alt=\"Kartenstudium\" \/><div class=\"carousel-slider__caption\"><p class=\"caption\">Bodenkarte<\/p><\/div><\/a><\/div><div class=\"carousel-slider__item\"><a href=\"https:\/\/lesestein.de\/web\/wp-content\/uploads\/2021\/07\/lesestein-neu-8-k-j.jpg\" class=\"magnific-popup\"><img loading=\"lazy\" decoding=\"async\" width=\"150\" height=\"150\" src=\"https:\/\/lesestein.de\/web\/wp-content\/uploads\/2021\/07\/lesestein-neu-8-k-j-150x150.jpg\" class=\"attachment-thumbnail size-thumbnail\" alt=\"\" \/><div class=\"carousel-slider__caption\"><p class=\"caption\">im Gel\u00e4nde<\/p><\/div><\/a><\/div><div class=\"carousel-slider__item\"><a href=\"https:\/\/lesestein.de\/web\/wp-content\/uploads\/2021\/07\/lesestein-neu-9-wasserschutz-scaled.jpg\" class=\"magnific-popup\"><img loading=\"lazy\" decoding=\"async\" width=\"150\" height=\"150\" src=\"https:\/\/lesestein.de\/web\/wp-content\/uploads\/2021\/07\/lesestein-neu-9-wasserschutz-150x150.jpg\" class=\"attachment-thumbnail size-thumbnail\" alt=\"Wasserschutz\" \/><div class=\"carousel-slider__caption\"><p class=\"caption\">Wasserschutz<\/p><\/div><\/a><\/div><div class=\"carousel-slider__item\"><a href=\"https:\/\/lesestein.de\/web\/wp-content\/uploads\/2021\/08\/lesestein-neu-36-karte.jpg\" class=\"magnific-popup\"><img loading=\"lazy\" decoding=\"async\" width=\"150\" height=\"150\" src=\"https:\/\/lesestein.de\/web\/wp-content\/uploads\/2021\/08\/lesestein-neu-36-karte-150x150.jpg\" class=\"attachment-thumbnail size-thumbnail\" alt=\"Kartenstudium\" \/><div class=\"carousel-slider__caption\"><p class=\"caption\">Geologische Karte<\/p><\/div><\/a><\/div><div class=\"carousel-slider__item\"><a href=\"https:\/\/lesestein.de\/web\/wp-content\/uploads\/2021\/08\/lesestein-neu-35-modell.jpg\" class=\"magnific-popup\"><img loading=\"lazy\" decoding=\"async\" width=\"150\" height=\"150\" src=\"https:\/\/lesestein.de\/web\/wp-content\/uploads\/2021\/08\/lesestein-neu-35-modell-150x150.jpg\" class=\"attachment-thumbnail size-thumbnail\" alt=\"Modell\" \/><div class=\"carousel-slider__caption\"><p class=\"caption\">Gel\u00e4ndemodell<\/p><\/div><\/a><\/div><div class=\"carousel-slider__item\"><a href=\"https:\/\/lesestein.de\/web\/wp-content\/uploads\/2021\/08\/lesestein-neu-32-fingerprobe.jpg\" class=\"magnific-popup\"><img loading=\"lazy\" decoding=\"async\" width=\"150\" height=\"150\" src=\"https:\/\/lesestein.de\/web\/wp-content\/uploads\/2021\/08\/lesestein-neu-32-fingerprobe-150x150.jpg\" class=\"attachment-thumbnail size-thumbnail\" alt=\"Fingerprobe\" \/><div class=\"carousel-slider__caption\"><p class=\"caption\">Fingerprobe<\/p><\/div><\/a><\/div><div class=\"carousel-slider__item\"><a href=\"https:\/\/lesestein.de\/web\/wp-content\/uploads\/2021\/08\/lesestein-neu-33-catena.jpg\" class=\"magnific-popup\"><img loading=\"lazy\" decoding=\"async\" width=\"150\" height=\"150\" src=\"https:\/\/lesestein.de\/web\/wp-content\/uploads\/2021\/08\/lesestein-neu-33-catena-150x150.jpg\" class=\"attachment-thumbnail size-thumbnail\" alt=\"\" \/><div class=\"carousel-slider__caption\"><p class=\"caption\">Catena<\/p><\/div><\/a><\/div><div class=\"carousel-slider__item\"><a href=\"https:\/\/lesestein.de\/web\/wp-content\/uploads\/2021\/08\/lesestein-neu-34-puerkhauer.jpg\" class=\"magnific-popup\"><img loading=\"lazy\" decoding=\"async\" width=\"150\" height=\"150\" src=\"https:\/\/lesestein.de\/web\/wp-content\/uploads\/2021\/08\/lesestein-neu-34-puerkhauer-150x150.jpg\" class=\"attachment-thumbnail size-thumbnail\" alt=\"\" \/><div class=\"carousel-slider__caption\"><p class=\"caption\">P\u00fcrkhauer<\/p><\/div><\/a><\/div><div class=\"carousel-slider__item\"><a href=\"https:\/\/lesestein.de\/web\/wp-content\/uploads\/2021\/08\/lesestein-neu-47-quelle-scaled.jpg\" class=\"magnific-popup\"><img loading=\"lazy\" decoding=\"async\" width=\"150\" height=\"150\" src=\"https:\/\/lesestein.de\/web\/wp-content\/uploads\/2021\/08\/lesestein-neu-47-quelle-150x150.jpg\" class=\"attachment-thumbnail size-thumbnail\" alt=\"\" \/><div class=\"carousel-slider__caption\"><p class=\"caption\">Quellfassung<\/p><\/div><\/a><\/div><div class=\"carousel-slider__item\"><a href=\"https:\/\/lesestein.de\/web\/wp-content\/uploads\/2021\/08\/lesestein-neu-48-profile.jpg\" class=\"magnific-popup\"><img loading=\"lazy\" decoding=\"async\" width=\"150\" height=\"150\" src=\"https:\/\/lesestein.de\/web\/wp-content\/uploads\/2021\/08\/lesestein-neu-48-profile-150x150.jpg\" class=\"attachment-thumbnail size-thumbnail\" alt=\"\" \/><div class=\"carousel-slider__caption\"><p class=\"caption\">Profile<\/p><\/div><\/a><\/div><div class=\"carousel-slider__item\"><a href=\"https:\/\/lesestein.de\/web\/wp-content\/uploads\/2021\/08\/lesestein-neu-46-messstelle-scaled.jpg\" class=\"magnific-popup\"><img loading=\"lazy\" decoding=\"async\" width=\"150\" height=\"150\" src=\"https:\/\/lesestein.de\/web\/wp-content\/uploads\/2021\/08\/lesestein-neu-46-messstelle-150x150.jpg\" class=\"attachment-thumbnail size-thumbnail\" alt=\"\" \/><div class=\"carousel-slider__caption\"><p class=\"caption\">Grundwassermessstelle<\/p><\/div><\/a><\/div>\t<\/div><!-- #id-## -->\n<\/div>\n\n","protected":false},"excerpt":{"rendered":"<p>Gutachten bei geplanten Bauma\u00dfnahmen in Trinkwasserschutzgebieten<\/p>\n","protected":false},"author":1,"featured_media":104,"parent":0,"menu_order":0,"comment_status":"closed","ping_status":"closed","template":"","meta":{"footnotes":""},"class_list":["post-34","page","type-page","status-publish","has-post-thumbnail","hentry"],"_links":{"self":[{"href":"https:\/\/lesestein.de\/web\/wp-json\/wp\/v2\/pages\/34","targetHints":{"allow":["GET"]}}],"collection":[{"href":"https:\/\/lesestein.de\/web\/wp-json\/wp\/v2\/pages"}],"about":[{"href":"https:\/\/lesestein.de\/web\/wp-json\/wp\/v2\/types\/page"}],"author":[{"embeddable":true,"href":"https:\/\/lesestein.de\/web\/wp-json\/wp\/v2\/users\/1"}],"replies":[{"embeddable":true,"href":"https:\/\/lesestein.de\/web\/wp-json\/wp\/v2\/comments?post=34"}],"version-history":[{"count":18,"href":"https:\/\/lesestein.de\/web\/wp-json\/wp\/v2\/pages\/34\/revisions"}],"predecessor-version":[{"id":577,"href":"https:\/\/lesestein.de\/web\/wp-json\/wp\/v2\/pages\/34\/revisions\/577"}],"wp:featuredmedia":[{"embeddable":true,"href":"https:\/\/lesestein.de\/web\/wp-json\/wp\/v2\/media\/104"}],"wp:attachment":[{"href":"https:\/\/lesestein.de\/web\/wp-json\/wp\/v2\/media?parent=34"}],"curies":[{"name":"wp","href":"https:\/\/api.w.org\/{rel}","templated":true}]}}