{"id":344,"date":"2021-08-11T09:07:43","date_gmt":"2021-08-11T07:07:43","guid":{"rendered":"https:\/\/lesestein.de\/web\/?page_id=344"},"modified":"2021-08-31T09:25:23","modified_gmt":"2021-08-31T07:25:23","slug":"landschaftspflege-oberes-mittelrheintal","status":"publish","type":"page","link":"https:\/\/lesestein.de\/web\/landschaftspflege-oberes-mittelrheintal\/","title":{"rendered":"Themenweg"},"content":{"rendered":"<h4><strong>Landschaftspflege &#8211; Weltkulturerbe Oberes Mittelrheintal (Hessen, Rheinland-Pfalz)<br \/>\n<\/strong>Landschaftspflege, Landschafts\u00f6kologie, Naturschutz<br \/>\nAuftraggeber: Deutsche Bahn AG<\/h4>\n<p>Im Jahr 2016 wurden f\u00fcr die Deutsche Bahn AG Informationstafeln samt Tr\u00e4gersytemen zur Landschaftspflege am Oberen Mittelrheintal entwickelt und fertiggestellt. Sie wurden bei Lorchhausen und auf der Loreley als Themenwege installiert. Das Obere Mittelrheintal ist eine einzigartige Kulturlandschaft und seit 2002 UNESCO-Welterbe. Bestandteil der gro\u00dfartigen Landschaft sind aus ehemals bewirtschafteten Obst-und Weinbergen hervorgegangene Trockenbiotope mit Magerrasen und Trockenmauern, die vielen wertvollen Tier- und Pflanzenarten Lebensraum bieten. Ohne Pflegema\u00dfnahmen w\u00e4ren diese Areale von zunehmender Verbuschung bedroht. Um den Charakter des Welterbes und dessen Lebensr\u00e4ume zu erhalten, hat unter anderen die DB Netz AG die langfristige Pflege von zahlreichen Trockenbiotopen auf beiden Seiten des Mittelrheintals als Kompensationsma\u00dfnahme f\u00fcr Fels- und Hangsicherungsma\u00dfnahmen \u00fcbernommen. Schwerpunkte der Pflegema\u00dfnahmen sind die Entbuschung, das Offenhalten der Magerrasen durch Mahd und Beweidung sowie die Sanierung von Trockenmauern.<\/p>\n<p>Die Beweidung der Trockenbiotope in Hessen und Rheinland-Pfalz erfolgt durch anspruchslose Ziegen und Schafe: Burenziegen, Dorperschafe, Coburger Fuchsschafe und Rh\u00f6nschafe. Die Burenziege und das Dorperschaf stammen aus S\u00fcdafrika. Durch ihren bodenschonenden Tritt, ihre au\u00dferordentliche F\u00e4higkeit zu klettern und ihre Wendigkeit im Gel\u00e4nde kann die Burenziege auch dort eine unerw\u00fcnschte Vegetation kurzhalten, wo Schafe aufgrund extremer Gel\u00e4ndeverh\u00e4ltnisse keinen Zugang mehr haben. Sie sind in der Lage Geh\u00f6lze bis in eine H\u00f6he von zwei Metern auf den Hinterbeinen stehend zu verbei\u00dfen und geben sich auch mit weniger schmackhaftem Futter zufrieden. F\u00fcr die Pflege der Trockenbiotope im Welterbe Oberes Mittelrheintal sind diese Ziegen aufgrund ihrer au\u00dferordentlichen Gel\u00e4ndeg\u00e4ngigkeit und Toleranz gegen\u00fcber s\u00e4mtlichen Witterungseinfl\u00fcssen hervorragend geeignet. Ziegen und Schafe werden h\u00e4ufig gemeinsam eingesetzt, da Schafe Gr\u00e4ser, Ziegen eher Gestr\u00fcpp wie Schlehe oder Brombeere bevorzugen.<\/p>\n<div class=\"carousel-slider-outer carousel-slider-outer-images carousel-slider-outer-346\">\n\t<style type=\"text\/css\">\n            #id-346 .carousel-slider-nav-icon {\n                fill: #f1f1f1\n            }\n            #id-346 .carousel-slider-nav-icon:hover {\n                fill: #00d1b2\n            }\n            #id-346 .owl-prev,\n            #id-346 .owl-next,\n            #id-346 .carousel-slider-nav-icon {\n                height: 48px;\n                width: 48px\n            }\n            #id-346.arrows-outside .owl-prev {\n                left: -48px\n            }\n            #id-346.arrows-outside .owl-next {\n                right: -48px\n            }\n        \n\t\t    #id-346 .owl-dots .owl-dot span {\n                background-color: #f1f1f1;\n                width: 10px;\n                height: 10px;\n            }\n            #id-346 .owl-dots .owl-dot.active span,\n            #id-346 .owl-dots .owl-dot:hover span {\n                background-color: #00d1b2\n            }\n\t\t<\/style>\t<div id=\"id-346\" class=\"owl-carousel carousel-slider arrows-outside arrows-visible-hover dots-hidden dots-center dots-square\" data-slide-type=\"image-carousel\" data-margin=\"10\" data-slide-by=\"1\" data-loop=\"true\" data-lazy-load=\"false\" data-stage-padding=\"0\" data-auto-width=\"false\" data-dots=\"false\" data-nav=\"true\" data-autoplay=\"true\" data-autoplay-timeout=\"5000\" data-autoplay-speed=\"500\" data-autoplay-hover-pause=\"false\" data-colums=\"3\" data-colums-desktop=\"3\" data-colums-small-desktop=\"3\" data-colums-tablet=\"3\" data-colums-small-tablet=\"2\" data-colums-mobile=\"1\">\n\t\t<div class=\"carousel-slider__item\"><a href=\"https:\/\/lesestein.de\/web\/wp-content\/uploads\/2021\/07\/lesestein-neu-21-db-scaled.jpg\" class=\"magnific-popup\"><img loading=\"lazy\" decoding=\"async\" width=\"150\" height=\"150\" src=\"https:\/\/lesestein.de\/web\/wp-content\/uploads\/2021\/07\/lesestein-neu-21-db-150x150.jpg\" class=\"attachment-thumbnail size-thumbnail\" alt=\"\" \/><div class=\"carousel-slider__caption\"><p class=\"caption\">Info-Tafel f\u00fcr die Deutsche Bahn AG bei Lorchhausen.<\/p><\/div><\/a><\/div><div class=\"carousel-slider__item\"><a href=\"https:\/\/lesestein.de\/web\/wp-content\/uploads\/2021\/07\/lesestein-neu-23-ziegen-scaled.jpg\" class=\"magnific-popup\"><img loading=\"lazy\" decoding=\"async\" width=\"150\" height=\"150\" src=\"https:\/\/lesestein.de\/web\/wp-content\/uploads\/2021\/07\/lesestein-neu-23-ziegen-150x150.jpg\" class=\"attachment-thumbnail size-thumbnail\" alt=\"\" \/><div class=\"carousel-slider__caption\"><p class=\"caption\">Die Beweidung der Trockenbiotope in Hessen und Rheinland-Pfalz erfolgt durch anspruchslose Ziegen und Schafe.<\/p><\/div><\/a><\/div><div class=\"carousel-slider__item\"><a href=\"https:\/\/lesestein.de\/web\/wp-content\/uploads\/2021\/07\/lesestein-neu-22-beweidung-scaled.jpg\" class=\"magnific-popup\"><img loading=\"lazy\" decoding=\"async\" width=\"150\" height=\"150\" src=\"https:\/\/lesestein.de\/web\/wp-content\/uploads\/2021\/07\/lesestein-neu-22-beweidung-150x150.jpg\" class=\"attachment-thumbnail size-thumbnail\" alt=\"\" \/><div class=\"carousel-slider__caption\"><p class=\"caption\">UNESCO-Welterbe. Bestandteil der gro\u00dfartigen Landschaft sind aus ehemals bewirtschafteten Obst-und Weinbergen hervorgegangene Trockenbiotope mit Magerrasen und Trockenmauern<\/p><\/div><\/a><\/div>\t<\/div><!-- #id-## -->\n<\/div>\n\n","protected":false},"excerpt":{"rendered":"<p>Landschaftspflege &#8211; Weltkulturerbe Oberes Mittelrheintal (Hessen, Rheinland-Pfalz) Landschaftspflege, Landschafts\u00f6kologie, Naturschutz Auftraggeber: Deutsche Bahn AG Im Jahr 2016 wurden f\u00fcr die Deutsche Bahn AG Informationstafeln samt Tr\u00e4gersytemen zur Landschaftspflege am Oberen Mittelrheintal entwickelt und fertiggestellt. Sie wurden bei Lorchhausen und auf der Loreley als Themenwege installiert. Das Obere Mittelrheintal ist eine einzigartige Kulturlandschaft und seit 2002 [&hellip;]<\/p>\n","protected":false},"author":1,"featured_media":279,"parent":0,"menu_order":0,"comment_status":"closed","ping_status":"closed","template":"","meta":{"footnotes":""},"class_list":["post-344","page","type-page","status-publish","has-post-thumbnail","hentry"],"_links":{"self":[{"href":"https:\/\/lesestein.de\/web\/wp-json\/wp\/v2\/pages\/344","targetHints":{"allow":["GET"]}}],"collection":[{"href":"https:\/\/lesestein.de\/web\/wp-json\/wp\/v2\/pages"}],"about":[{"href":"https:\/\/lesestein.de\/web\/wp-json\/wp\/v2\/types\/page"}],"author":[{"embeddable":true,"href":"https:\/\/lesestein.de\/web\/wp-json\/wp\/v2\/users\/1"}],"replies":[{"embeddable":true,"href":"https:\/\/lesestein.de\/web\/wp-json\/wp\/v2\/comments?post=344"}],"version-history":[{"count":3,"href":"https:\/\/lesestein.de\/web\/wp-json\/wp\/v2\/pages\/344\/revisions"}],"predecessor-version":[{"id":542,"href":"https:\/\/lesestein.de\/web\/wp-json\/wp\/v2\/pages\/344\/revisions\/542"}],"wp:featuredmedia":[{"embeddable":true,"href":"https:\/\/lesestein.de\/web\/wp-json\/wp\/v2\/media\/279"}],"wp:attachment":[{"href":"https:\/\/lesestein.de\/web\/wp-json\/wp\/v2\/media?parent=344"}],"curies":[{"name":"wp","href":"https:\/\/api.w.org\/{rel}","templated":true}]}}