{"id":348,"date":"2021-08-11T09:19:20","date_gmt":"2021-08-11T07:19:20","guid":{"rendered":"https:\/\/lesestein.de\/web\/?page_id=348"},"modified":"2021-08-31T12:15:02","modified_gmt":"2021-08-31T10:15:02","slug":"geo-erlebnispfad-oberjosbach","status":"publish","type":"page","link":"https:\/\/lesestein.de\/web\/geo-erlebnispfad-oberjosbach\/","title":{"rendered":"Themenweg"},"content":{"rendered":"<h4><strong>Geo-Erlebnispfad Oberjosbach im Idsteiner Land (Hessen)<br \/>\n<\/strong>Geologie, Geografie, Geomorphologie, Bodenkunde<strong><br \/>\n<\/strong><!--more--><\/h4>\n<h4>Auftraggeber: Naturpark Rhein-Taunus<\/h4>\n<p>Der Geo-Erlebnispfad Oberjosbach erm\u00f6glicht eine Wanderung durch 460 Millionen Jahre Erdgeschichte und ist einmalig in dieser Region. &#8222;Die Entstehung des Taunus &#8211; Ein Ausschnitt aus der Erdgeschichte und ihrer Ereignisse&#8220;, &#8222;Die Gesteine&#8220; und &#8222;Das Landschaftsbild des Taunus &#8211; Jahrmillionen alte Landschaften \u2013 bis heute erhalten&#8220; so lauten drei von insgesamt 13 Stationen. Auf mehrfarbigen 140 cm gro\u00dfen Schautafeln erf\u00e4hrt der interessierte Laie die wichtigsten Aspekte \u00fcber das Werden der Taunuslandschaft.<\/p>\n<p>Welche B\u00f6den gibt es dort? Wie und warum unterscheiden sie sich? Was geschah w\u00e4hrend der Eiszeiten? Wie entstand der Wald? Der etwa f\u00fcnf Kilometer lange Weg, der durch den Ansto\u00df des Ortsbeirates Oberjosbach, die Initiative des ehemaligen Gesch\u00e4ftsf\u00fchrers des Naturparks Rhein-Taunus und durch namhafte Sponsoren erm\u00f6glicht wurde, gibt Antworten auf diese und andere Fragen. Tr\u00e4ger des Pfades ist der Naturpark Rhein-Taunus. L\u00e4nge: 5,2 km. Der Geo-Erlebnispfad wurde im Jahr 2004 er\u00f6ffnet und seitdem immer wieder durch weitere Informationstafeln mit neuen Themen zur Taunuslandschaft erg\u00e4nzt. Im Jahr 2020 wurde der Pfad um eine mehr als drei Meter hohe vierseitige Stele mit der geologischen Zeitskala erg\u00e4nzt. Darauf auch die Entwicklung der Tier- und Pflanzenwelt. Dabei sind die L\u00e4ngen von \u00c4ra und System im korrekten Ma\u00dfstab dargestellt. Obwohl die ersten Informationstafeln im Jahr 2004 installiert wurden, sind sie bis heute aufgrund des Materials in der Qualit\u00e4t unver\u00e4ndert.<\/p>\n<div class=\"carousel-slider-outer carousel-slider-outer-images carousel-slider-outer-349\">\n\t<style type=\"text\/css\">\n            #id-349 .carousel-slider-nav-icon {\n                fill: #f1f1f1\n            }\n            #id-349 .carousel-slider-nav-icon:hover {\n                fill: #00d1b2\n            }\n            #id-349 .owl-prev,\n            #id-349 .owl-next,\n            #id-349 .carousel-slider-nav-icon {\n                height: 48px;\n                width: 48px\n            }\n            #id-349.arrows-outside .owl-prev {\n                left: -48px\n            }\n            #id-349.arrows-outside .owl-next {\n                right: -48px\n            }\n        \n\t\t    #id-349 .owl-dots .owl-dot span {\n                background-color: #f1f1f1;\n                width: 10px;\n                height: 10px;\n            }\n            #id-349 .owl-dots .owl-dot.active span,\n            #id-349 .owl-dots .owl-dot:hover span {\n                background-color: #00d1b2\n            }\n\t\t<\/style>\t<div id=\"id-349\" class=\"owl-carousel carousel-slider arrows-outside arrows-visible-hover dots-hidden dots-center dots-square\" data-slide-type=\"image-carousel\" data-margin=\"10\" data-slide-by=\"1\" data-loop=\"true\" data-lazy-load=\"false\" data-stage-padding=\"0\" data-auto-width=\"false\" data-dots=\"false\" data-nav=\"true\" data-autoplay=\"true\" data-autoplay-timeout=\"5000\" data-autoplay-speed=\"500\" data-autoplay-hover-pause=\"false\" data-colums=\"4\" data-colums-desktop=\"3\" data-colums-small-desktop=\"3\" data-colums-tablet=\"3\" data-colums-small-tablet=\"2\" data-colums-mobile=\"1\">\n\t\t<div class=\"carousel-slider__item\"><a href=\"https:\/\/lesestein.de\/web\/wp-content\/uploads\/2021\/07\/lesestein-neu-16-stele-scaled.jpg\" class=\"magnific-popup\"><img loading=\"lazy\" decoding=\"async\" width=\"150\" height=\"150\" src=\"https:\/\/lesestein.de\/web\/wp-content\/uploads\/2021\/07\/lesestein-neu-16-stele-150x150.jpg\" class=\"attachment-thumbnail size-thumbnail\" alt=\"Info-Stehle\" \/><div class=\"carousel-slider__caption\"><p class=\"caption\">Die 2020 installierte geologische Zeitskala<\/p><\/div><\/a><\/div><div class=\"carousel-slider__item\"><a href=\"https:\/\/lesestein.de\/web\/wp-content\/uploads\/2021\/07\/lesestein-neu-15-koehler.jpg\" class=\"magnific-popup\"><img loading=\"lazy\" decoding=\"async\" width=\"150\" height=\"150\" src=\"https:\/\/lesestein.de\/web\/wp-content\/uploads\/2021\/07\/lesestein-neu-15-koehler-150x150.jpg\" class=\"attachment-thumbnail size-thumbnail\" alt=\"Info-Tafel\" \/><div class=\"carousel-slider__caption\"><p class=\"caption\">Info-Tafel zur historischen Waldnutzung.<\/p><\/div><\/a><\/div><div class=\"carousel-slider__item\"><a href=\"https:\/\/lesestein.de\/web\/wp-content\/uploads\/2021\/07\/lesestein-neu-14-besucher.jpg\" class=\"magnific-popup\"><img loading=\"lazy\" decoding=\"async\" width=\"150\" height=\"150\" src=\"https:\/\/lesestein.de\/web\/wp-content\/uploads\/2021\/07\/lesestein-neu-14-besucher-150x150.jpg\" class=\"attachment-thumbnail size-thumbnail\" alt=\"Info-Tafel\" \/><div class=\"carousel-slider__caption\"><p class=\"caption\">Eine Station am Geo-Erlebnispfad Oberjosbach.<\/p><\/div><\/a><\/div>\t<\/div><!-- #id-## -->\n<\/div>\n\n","protected":false},"excerpt":{"rendered":"<p>Geo-Erlebnispfad Oberjosbach im Idsteiner Land (Hessen) Geologie, Geografie, Geomorphologie, Bodenkunde<\/p>\n","protected":false},"author":1,"featured_media":261,"parent":0,"menu_order":0,"comment_status":"closed","ping_status":"closed","template":"","meta":{"footnotes":""},"class_list":["post-348","page","type-page","status-publish","has-post-thumbnail","hentry"],"_links":{"self":[{"href":"https:\/\/lesestein.de\/web\/wp-json\/wp\/v2\/pages\/348","targetHints":{"allow":["GET"]}}],"collection":[{"href":"https:\/\/lesestein.de\/web\/wp-json\/wp\/v2\/pages"}],"about":[{"href":"https:\/\/lesestein.de\/web\/wp-json\/wp\/v2\/types\/page"}],"author":[{"embeddable":true,"href":"https:\/\/lesestein.de\/web\/wp-json\/wp\/v2\/users\/1"}],"replies":[{"embeddable":true,"href":"https:\/\/lesestein.de\/web\/wp-json\/wp\/v2\/comments?post=348"}],"version-history":[{"count":4,"href":"https:\/\/lesestein.de\/web\/wp-json\/wp\/v2\/pages\/348\/revisions"}],"predecessor-version":[{"id":556,"href":"https:\/\/lesestein.de\/web\/wp-json\/wp\/v2\/pages\/348\/revisions\/556"}],"wp:featuredmedia":[{"embeddable":true,"href":"https:\/\/lesestein.de\/web\/wp-json\/wp\/v2\/media\/261"}],"wp:attachment":[{"href":"https:\/\/lesestein.de\/web\/wp-json\/wp\/v2\/media?parent=348"}],"curies":[{"name":"wp","href":"https:\/\/api.w.org\/{rel}","templated":true}]}}