{"id":443,"date":"2021-08-12T07:59:54","date_gmt":"2021-08-12T05:59:54","guid":{"rendered":"https:\/\/lesestein.de\/web\/?page_id=443"},"modified":"2021-08-31T07:42:32","modified_gmt":"2021-08-31T05:42:32","slug":"buecher","status":"publish","type":"page","link":"https:\/\/lesestein.de\/web\/buecher\/","title":{"rendered":"B\u00fccher"},"content":{"rendered":"<h2>Publikationen (B\u00fccher)<\/h2>\n<p><!--more--><\/p>\n<p>Stahr, A. &amp; Langenscheidt, E. (2014): Landforms of High Mountains.- Springer, Heidelberg, ISBN 978-3-642-53714-1.<\/p>\n<p>Stahr, A. (2014): Die B\u00f6den des Taunuskamms.- Verlag Dr. Friedrich Pfeil, ISBN 978-3-89937-180-2.<\/p>\n<p>Langenscheidt, E. &amp; Stahr, A. (2011): Berchtesgadener Land und Chiemgau, eine Geschichte von Bergen, T\u00e4lern und Seen.- Spektrum Akademischer Verlag, Heidelberg, ISBN 978-3-8274-2757-1.<\/p>\n<p>Stahr, A. (2011): 100.000 Taunusstein. Eiszeit, Landschaft, Boden, Geschichte.- Lahnbr\u00fcck-Verlag, Weilburg, ISBN 978-3-9812777-7-7 (\u00fcber den Taunus von der letzten Eiszeit vor 100&#8217;000 Jahren bis heute).<\/p>\n<p>Stahr, A. &amp; Bender, B. (2007): Der Taunus &#8211; eine Zeitreise. Entstehung und Entwicklung eines Mittelgebirges.- Schweizerbart&#8217;sche Verlagsbuchhandlung, Stuttgart, ISBN 978-3-510-65224-2.<\/p>\n<p>Stahr, A. (2000): Geologie und Landschaft von Oberjosbach und Umgebung: Entstehung des Taunus, Landschaftsformung, Gesteine und B\u00f6den.- Verein f\u00fcr Heimat- und Kulturpflege, Oberjosbach, ISBN 3-00-006882-1.<\/p>\n<p>Stahr, A. &amp; Hartmann, T. (1999): Landschaftsformen und Landschaftselemente im Hochgebirge.- Springer, Heidelberg 1999, ISBN 3-540-65278-7.<\/p>\n<p>Stahr, A. (1998): Bodenkundliche Aspekte der Blaikenbildung auf Almen. Untersuchungen zur Genese von Blattanbr\u00fcchen in schluffreichen Almb\u00f6den.- Nationalparkverwaltung Berchtesgaden im Auftrag des Bayerischen Staatsministeriums f\u00fcr Landesentwicklung und Umweltfragen, Berchtesgaden, ISBN 3-922325-41-6<\/p>\n<div class=\"carousel-slider-outer carousel-slider-outer-images carousel-slider-outer-454\">\n\t<style type=\"text\/css\">\n            #id-454 .carousel-slider-nav-icon {\n                fill: #f1f1f1\n            }\n            #id-454 .carousel-slider-nav-icon:hover {\n                fill: #00d1b2\n            }\n            #id-454 .owl-prev,\n            #id-454 .owl-next,\n            #id-454 .carousel-slider-nav-icon {\n                height: 48px;\n                width: 48px\n            }\n            #id-454.arrows-outside .owl-prev {\n                left: -48px\n            }\n            #id-454.arrows-outside .owl-next {\n                right: -48px\n            }\n        \n\t\t    #id-454 .owl-dots .owl-dot span {\n                background-color: #f1f1f1;\n                width: 10px;\n                height: 10px;\n            }\n            #id-454 .owl-dots .owl-dot.active span,\n            #id-454 .owl-dots .owl-dot:hover span {\n                background-color: #00d1b2\n            }\n\t\t<\/style>\t<div id=\"id-454\" class=\"owl-carousel carousel-slider arrows-outside arrows-visible-hover dots-hidden dots-center dots-square\" data-slide-type=\"image-carousel\" data-margin=\"10\" data-slide-by=\"1\" data-loop=\"true\" data-lazy-load=\"false\" data-stage-padding=\"0\" data-auto-width=\"false\" data-dots=\"false\" data-nav=\"true\" data-autoplay=\"true\" data-autoplay-timeout=\"5000\" data-autoplay-speed=\"500\" data-autoplay-hover-pause=\"false\" data-colums=\"4\" data-colums-desktop=\"4\" data-colums-small-desktop=\"4\" data-colums-tablet=\"3\" data-colums-small-tablet=\"2\" data-colums-mobile=\"1\">\n\t\t<div class=\"carousel-slider__item\"><a href=\"https:\/\/lesestein.de\/web\/wp-content\/uploads\/2021\/08\/lesestein-neu-38-chiemgau.jpg\" class=\"magnific-popup\"><img loading=\"lazy\" decoding=\"async\" width=\"640\" height=\"863\" src=\"https:\/\/lesestein.de\/web\/wp-content\/uploads\/2021\/08\/lesestein-neu-38-chiemgau.jpg\" class=\"attachment-medium_large size-medium_large\" alt=\"\" srcset=\"https:\/\/lesestein.de\/web\/wp-content\/uploads\/2021\/08\/lesestein-neu-38-chiemgau.jpg 742w, https:\/\/lesestein.de\/web\/wp-content\/uploads\/2021\/08\/lesestein-neu-38-chiemgau-223x300.jpg 223w\" sizes=\"auto, (max-width: 640px) 100vw, 640px\" \/><div class=\"carousel-slider__caption\"><p class=\"caption\">Berchtesgadener Land und Chiemgau<\/p><\/div><\/a><\/div><div class=\"carousel-slider__item\"><a href=\"https:\/\/lesestein.de\/web\/wp-content\/uploads\/2021\/08\/lesestein-neu-43-landschaftsformen.jpg\" class=\"magnific-popup\"><img loading=\"lazy\" decoding=\"async\" width=\"555\" height=\"850\" src=\"https:\/\/lesestein.de\/web\/wp-content\/uploads\/2021\/08\/lesestein-neu-43-landschaftsformen.jpg\" class=\"attachment-medium_large size-medium_large\" alt=\"\" srcset=\"https:\/\/lesestein.de\/web\/wp-content\/uploads\/2021\/08\/lesestein-neu-43-landschaftsformen.jpg 555w, https:\/\/lesestein.de\/web\/wp-content\/uploads\/2021\/08\/lesestein-neu-43-landschaftsformen-196x300.jpg 196w\" sizes=\"auto, (max-width: 555px) 100vw, 555px\" \/><div class=\"carousel-slider__caption\"><p class=\"caption\">Landschaftsformen  und Landschaftselemente im Hochgebirge<\/p><\/div><\/a><\/div><div class=\"carousel-slider__item\"><a href=\"https:\/\/lesestein.de\/web\/wp-content\/uploads\/2021\/08\/lesestein-neu-39-landforms.jpg\" class=\"magnific-popup\"><img loading=\"lazy\" decoding=\"async\" width=\"538\" height=\"723\" src=\"https:\/\/lesestein.de\/web\/wp-content\/uploads\/2021\/08\/lesestein-neu-39-landforms.jpg\" class=\"attachment-medium_large size-medium_large\" alt=\"\" srcset=\"https:\/\/lesestein.de\/web\/wp-content\/uploads\/2021\/08\/lesestein-neu-39-landforms.jpg 538w, https:\/\/lesestein.de\/web\/wp-content\/uploads\/2021\/08\/lesestein-neu-39-landforms-223x300.jpg 223w\" sizes=\"auto, (max-width: 538px) 100vw, 538px\" \/><div class=\"carousel-slider__caption\"><p class=\"caption\">Landforms of High Mountains<\/p><\/div><\/a><\/div><div class=\"carousel-slider__item\"><a href=\"https:\/\/lesestein.de\/web\/wp-content\/uploads\/2021\/08\/lesestein-neu-40-taunus.jpg\" class=\"magnific-popup\"><img loading=\"lazy\" decoding=\"async\" width=\"414\" height=\"589\" src=\"https:\/\/lesestein.de\/web\/wp-content\/uploads\/2021\/08\/lesestein-neu-40-taunus.jpg\" class=\"attachment-medium_large size-medium_large\" alt=\"\" srcset=\"https:\/\/lesestein.de\/web\/wp-content\/uploads\/2021\/08\/lesestein-neu-40-taunus.jpg 414w, https:\/\/lesestein.de\/web\/wp-content\/uploads\/2021\/08\/lesestein-neu-40-taunus-211x300.jpg 211w\" sizes=\"auto, (max-width: 414px) 100vw, 414px\" \/><div class=\"carousel-slider__caption\"><p class=\"caption\">Der Taunus<\/p><\/div><\/a><\/div><div class=\"carousel-slider__item\"><a href=\"https:\/\/lesestein.de\/web\/wp-content\/uploads\/2021\/08\/lesestein-neu-41-taunusstein.jpg\" class=\"magnific-popup\"><img loading=\"lazy\" decoding=\"async\" width=\"337\" height=\"482\" src=\"https:\/\/lesestein.de\/web\/wp-content\/uploads\/2021\/08\/lesestein-neu-41-taunusstein.jpg\" class=\"attachment-medium_large size-medium_large\" alt=\"\" srcset=\"https:\/\/lesestein.de\/web\/wp-content\/uploads\/2021\/08\/lesestein-neu-41-taunusstein.jpg 337w, https:\/\/lesestein.de\/web\/wp-content\/uploads\/2021\/08\/lesestein-neu-41-taunusstein-210x300.jpg 210w\" sizes=\"auto, (max-width: 337px) 100vw, 337px\" \/><div class=\"carousel-slider__caption\"><p class=\"caption\">100.000 Taunusstein<\/p><\/div><\/a><\/div><div class=\"carousel-slider__item\"><a href=\"https:\/\/lesestein.de\/web\/wp-content\/uploads\/2021\/08\/lesestein-neu-42-taunuskamm.jpg\" class=\"magnific-popup\"><img loading=\"lazy\" decoding=\"async\" width=\"567\" height=\"817\" src=\"https:\/\/lesestein.de\/web\/wp-content\/uploads\/2021\/08\/lesestein-neu-42-taunuskamm.jpg\" class=\"attachment-medium_large size-medium_large\" alt=\"\" srcset=\"https:\/\/lesestein.de\/web\/wp-content\/uploads\/2021\/08\/lesestein-neu-42-taunuskamm.jpg 567w, https:\/\/lesestein.de\/web\/wp-content\/uploads\/2021\/08\/lesestein-neu-42-taunuskamm-208x300.jpg 208w\" sizes=\"auto, (max-width: 567px) 100vw, 567px\" \/><div class=\"carousel-slider__caption\"><p class=\"caption\">Die B\u00f6den des Taunuskamms<\/p><\/div><\/a><\/div><div class=\"carousel-slider__item\"><a href=\"https:\/\/lesestein.de\/web\/wp-content\/uploads\/2021\/08\/lesestein-neu-44-oberjosbach-scaled.jpg\" class=\"magnific-popup\"><img loading=\"lazy\" decoding=\"async\" width=\"640\" height=\"971\" src=\"https:\/\/lesestein.de\/web\/wp-content\/uploads\/2021\/08\/lesestein-neu-44-oberjosbach-768x1165.jpg\" class=\"attachment-medium_large size-medium_large\" alt=\"\" srcset=\"https:\/\/lesestein.de\/web\/wp-content\/uploads\/2021\/08\/lesestein-neu-44-oberjosbach-768x1165.jpg 768w, https:\/\/lesestein.de\/web\/wp-content\/uploads\/2021\/08\/lesestein-neu-44-oberjosbach-198x300.jpg 198w, https:\/\/lesestein.de\/web\/wp-content\/uploads\/2021\/08\/lesestein-neu-44-oberjosbach-675x1024.jpg 675w, https:\/\/lesestein.de\/web\/wp-content\/uploads\/2021\/08\/lesestein-neu-44-oberjosbach-1012x1536.jpg 1012w, https:\/\/lesestein.de\/web\/wp-content\/uploads\/2021\/08\/lesestein-neu-44-oberjosbach-1350x2048.jpg 1350w, https:\/\/lesestein.de\/web\/wp-content\/uploads\/2021\/08\/lesestein-neu-44-oberjosbach-scaled.jpg 1687w\" sizes=\"auto, (max-width: 640px) 100vw, 640px\" \/><div class=\"carousel-slider__caption\"><p class=\"caption\">Geologie und Landschaft von Oberjosbach<\/p><\/div><\/a><\/div><div class=\"carousel-slider__item\"><a href=\"https:\/\/lesestein.de\/web\/wp-content\/uploads\/2021\/08\/lesestein-neu-45-blaiken.jpg\" class=\"magnific-popup\"><img loading=\"lazy\" decoding=\"async\" width=\"302\" height=\"438\" src=\"https:\/\/lesestein.de\/web\/wp-content\/uploads\/2021\/08\/lesestein-neu-45-blaiken.jpg\" class=\"attachment-medium_large size-medium_large\" alt=\"\" srcset=\"https:\/\/lesestein.de\/web\/wp-content\/uploads\/2021\/08\/lesestein-neu-45-blaiken.jpg 302w, https:\/\/lesestein.de\/web\/wp-content\/uploads\/2021\/08\/lesestein-neu-45-blaiken-207x300.jpg 207w\" sizes=\"auto, (max-width: 302px) 100vw, 302px\" \/><div class=\"carousel-slider__caption\"><p class=\"caption\">Bodenkundliche Aspekte der Blaikenbildung auf Almen<\/p><\/div><\/a><\/div>\t<\/div><!-- #id-## -->\n<\/div>\n\n","protected":false},"excerpt":{"rendered":"<p>Publikationen (B\u00fccher)<\/p>\n","protected":false},"author":1,"featured_media":456,"parent":0,"menu_order":0,"comment_status":"closed","ping_status":"closed","template":"","meta":{"footnotes":""},"class_list":["post-443","page","type-page","status-publish","has-post-thumbnail","hentry"],"_links":{"self":[{"href":"https:\/\/lesestein.de\/web\/wp-json\/wp\/v2\/pages\/443","targetHints":{"allow":["GET"]}}],"collection":[{"href":"https:\/\/lesestein.de\/web\/wp-json\/wp\/v2\/pages"}],"about":[{"href":"https:\/\/lesestein.de\/web\/wp-json\/wp\/v2\/types\/page"}],"author":[{"embeddable":true,"href":"https:\/\/lesestein.de\/web\/wp-json\/wp\/v2\/users\/1"}],"replies":[{"embeddable":true,"href":"https:\/\/lesestein.de\/web\/wp-json\/wp\/v2\/comments?post=443"}],"version-history":[{"count":11,"href":"https:\/\/lesestein.de\/web\/wp-json\/wp\/v2\/pages\/443\/revisions"}],"predecessor-version":[{"id":496,"href":"https:\/\/lesestein.de\/web\/wp-json\/wp\/v2\/pages\/443\/revisions\/496"}],"wp:featuredmedia":[{"embeddable":true,"href":"https:\/\/lesestein.de\/web\/wp-json\/wp\/v2\/media\/456"}],"wp:attachment":[{"href":"https:\/\/lesestein.de\/web\/wp-json\/wp\/v2\/media?parent=443"}],"curies":[{"name":"wp","href":"https:\/\/api.w.org\/{rel}","templated":true}]}}